{"id":80,"date":"2023-03-09T16:47:03","date_gmt":"2023-03-09T16:47:03","guid":{"rendered":"https:\/\/kronisk-frisk.no\/?page_id=80"},"modified":"2024-12-12T18:17:20","modified_gmt":"2024-12-12T18:17:20","slug":"hjem","status":"publish","type":"page","link":"https:\/\/kronisk-frisk.no\/","title":{"rendered":"Hjem"},"content":{"rendered":"\n<div class=\"wp-block-media-text alignfull is-stacked-on-mobile is-vertically-aligned-center\"><figure class=\"wp-block-media-text__media\"><img loading=\"lazy\" decoding=\"async\" width=\"1024\" height=\"607\" src=\"https:\/\/kronisk-frisk.no\/wp-content\/uploads\/2023\/10\/Endringsuniverset-58-Rediger-1-1024x607.jpg\" alt=\"\" class=\"wp-image-305 size-full\" srcset=\"https:\/\/kronisk-frisk.no\/wp-content\/uploads\/2023\/10\/Endringsuniverset-58-Rediger-1-1024x607.jpg 1024w, https:\/\/kronisk-frisk.no\/wp-content\/uploads\/2023\/10\/Endringsuniverset-58-Rediger-1-300x178.jpg 300w, https:\/\/kronisk-frisk.no\/wp-content\/uploads\/2023\/10\/Endringsuniverset-58-Rediger-1-768x455.jpg 768w, https:\/\/kronisk-frisk.no\/wp-content\/uploads\/2023\/10\/Endringsuniverset-58-Rediger-1-1536x911.jpg 1536w, https:\/\/kronisk-frisk.no\/wp-content\/uploads\/2023\/10\/Endringsuniverset-58-Rediger-1-2048x1215.jpg 2048w, https:\/\/kronisk-frisk.no\/wp-content\/uploads\/2023\/10\/Endringsuniverset-58-Rediger-1-200x119.jpg 200w\" sizes=\"auto, (max-width: 1024px) 100vw, 1024px\" \/><\/figure><div class=\"wp-block-media-text__content\">\n<h3 class=\"wp-block-heading has-text-align-center has-ast-global-color-0-color has-text-color has-large-font-size\" style=\"font-style:normal;font-weight:200\">Fra kronisk syk til kronisk frisk<\/h3>\n\n\n\n<p class=\"has-text-align-center has-extra-small-font-size\">Fra sengeliggende til \u00e5 sprudle av energi \u2013 Oppdag min reise og hvordan jeg kan hjelpe deg med din.<\/p>\n\n\n\n<div class=\"wp-block-buttons is-content-justification-center is-layout-flex wp-container-core-buttons-is-layout-a89b3969 wp-block-buttons-is-layout-flex\">\n<div class=\"wp-block-button\"><a class=\"wp-block-button__link has-text-align-center wp-element-button\" href=\"https:\/\/kronisk-frisk.no\/?page_id=52\">Min historie<\/a><\/div>\n<\/div>\n<\/div><\/div>\n\n\n\n<div class=\"inherit-container-width wp-block-group alignfull has-white-color has-text-color has-background is-layout-constrained wp-block-group-is-layout-constrained\" style=\"background-color:#70a288\">\n<h2 class=\"wp-block-heading has-text-align-center has-ast-global-color-5-color has-text-color\" style=\"font-style:normal;font-weight:500\">Oppdag god helse \u2013 Sammen finner vi veien<\/h2>\n\n\n\n<div style=\"height:50px\" aria-hidden=\"true\" class=\"wp-block-spacer\"><\/div>\n\n\n\n<div class=\"wp-block-columns alignwide are-vertically-aligned-center is-layout-flex wp-container-core-columns-is-layout-28f84493 wp-block-columns-is-layout-flex\">\n<div class=\"wp-block-column has-white-background-color has-background is-layout-flow wp-block-column-is-layout-flow\" style=\"padding-top:25px;padding-right:25px;padding-bottom:25px;padding-left:25px;flex-basis:33.34%\">\n<div class=\"wp-block-cover alignfull is-light\" style=\"min-height:266px;aspect-ratio:unset;\"><span aria-hidden=\"true\" class=\"wp-block-cover__background has-background-dim-10 has-background-dim\"><\/span><img loading=\"lazy\" decoding=\"async\" width=\"1707\" height=\"2560\" class=\"wp-block-cover__image-background wp-image-315\" alt=\"\" src=\"https:\/\/kronisk-frisk.no\/wp-content\/uploads\/2023\/10\/Endringsuniverset-76-2-scaled.jpg\" data-object-fit=\"cover\" srcset=\"https:\/\/kronisk-frisk.no\/wp-content\/uploads\/2023\/10\/Endringsuniverset-76-2-scaled.jpg 1707w, https:\/\/kronisk-frisk.no\/wp-content\/uploads\/2023\/10\/Endringsuniverset-76-2-200x300.jpg 200w, https:\/\/kronisk-frisk.no\/wp-content\/uploads\/2023\/10\/Endringsuniverset-76-2-683x1024.jpg 683w, https:\/\/kronisk-frisk.no\/wp-content\/uploads\/2023\/10\/Endringsuniverset-76-2-768x1152.jpg 768w, https:\/\/kronisk-frisk.no\/wp-content\/uploads\/2023\/10\/Endringsuniverset-76-2-1024x1536.jpg 1024w, https:\/\/kronisk-frisk.no\/wp-content\/uploads\/2023\/10\/Endringsuniverset-76-2-1365x2048.jpg 1365w\" sizes=\"auto, (max-width: 1707px) 100vw, 1707px\" \/><div class=\"wp-block-cover__inner-container is-layout-flow wp-block-cover-is-layout-flow\">\n<p class=\"has-text-align-center has-large-font-size\"><\/p>\n<\/div><\/div>\n\n\n\n<h4 class=\"wp-block-heading has-text-align-center\" style=\"font-style:normal;font-weight:500\"><strong>Foredrag<\/strong><\/h4>\n\n\n\n<p class=\"has-ast-global-color-2-color has-text-color\">Fra kronisk syk til kronisk frisk \u2013 la meg dele min reise. Oppdag kroppens selvhelbredende krefter gjennom mine engasjerende foredrag. Bli inspirert, f\u00f8l deg styrket, og grip rattet i ditt eget liv og styr mot en bedre helse!<\/p>\n\n\n\n<p class=\"has-text-align-center\"><a href=\"https:\/\/kronisk-frisk.no\/?page_id=53\">Ta kontakt for mer informasjon<\/a><\/p>\n<\/div>\n\n\n\n<div class=\"wp-block-column has-white-background-color has-background is-layout-flow wp-block-column-is-layout-flow\" style=\"padding-top:25px;padding-right:25px;padding-bottom:25px;padding-left:25px;flex-basis:33.33%\">\n<div class=\"wp-block-cover alignfull\" style=\"min-height:266px;aspect-ratio:unset;\"><span aria-hidden=\"true\" class=\"wp-block-cover__background has-background-dim-0 has-background-dim\"><\/span><img loading=\"lazy\" decoding=\"async\" width=\"1707\" height=\"2560\" class=\"wp-block-cover__image-background wp-image-304\" alt=\"\" src=\"https:\/\/kronisk-frisk.no\/wp-content\/uploads\/2023\/10\/Endringsuniverset-67-10-scaled.jpg\" data-object-fit=\"cover\" srcset=\"https:\/\/kronisk-frisk.no\/wp-content\/uploads\/2023\/10\/Endringsuniverset-67-10-scaled.jpg 1707w, https:\/\/kronisk-frisk.no\/wp-content\/uploads\/2023\/10\/Endringsuniverset-67-10-200x300.jpg 200w, https:\/\/kronisk-frisk.no\/wp-content\/uploads\/2023\/10\/Endringsuniverset-67-10-683x1024.jpg 683w, https:\/\/kronisk-frisk.no\/wp-content\/uploads\/2023\/10\/Endringsuniverset-67-10-768x1152.jpg 768w, https:\/\/kronisk-frisk.no\/wp-content\/uploads\/2023\/10\/Endringsuniverset-67-10-1024x1536.jpg 1024w, https:\/\/kronisk-frisk.no\/wp-content\/uploads\/2023\/10\/Endringsuniverset-67-10-1365x2048.jpg 1365w\" sizes=\"auto, (max-width: 1707px) 100vw, 1707px\" \/><div class=\"wp-block-cover__inner-container is-layout-flow wp-block-cover-is-layout-flow\">\n<p class=\"has-text-align-center has-large-font-size\"><\/p>\n<\/div><\/div>\n\n\n\n<h4 class=\"wp-block-heading has-text-align-center\">Coaching &amp; Veiledning<\/h4>\n\n\n\n<p class=\"has-ast-global-color-2-color has-text-color\">La oss l\u00e5se opp ditt fulle helsepotensiale sammen. Som din coach, vil jeg v\u00e6re ved din side, identifisere hindringer og utstyre deg med skreddersydde verkt\u00f8y for suksess. Grip ditt dr\u00f8mmeliv med min personlige veiledning!<\/p>\n\n\n\n<p class=\"has-text-align-center\"><a href=\"https:\/\/kronisk-frisk.no\/?page_id=53\">Ta kontakt for mer informasjon<\/a><\/p>\n<\/div>\n\n\n\n<div class=\"wp-block-column has-white-background-color has-background is-layout-flow wp-block-column-is-layout-flow\" style=\"padding-top:25px;padding-right:25px;padding-bottom:25px;padding-left:25px;flex-basis:33.33%\">\n<div class=\"wp-block-cover alignfull is-light\" style=\"min-height:266px;aspect-ratio:unset;\"><span aria-hidden=\"true\" class=\"wp-block-cover__background has-background-dim-0 has-background-dim\"><\/span><img loading=\"lazy\" decoding=\"async\" width=\"2560\" height=\"1920\" class=\"wp-block-cover__image-background wp-image-187\" alt=\"\" src=\"https:\/\/kronisk-frisk.no\/wp-content\/uploads\/2023\/04\/DSCF2017-scaled.jpg\" data-object-fit=\"cover\" srcset=\"https:\/\/kronisk-frisk.no\/wp-content\/uploads\/2023\/04\/DSCF2017-scaled.jpg 2560w, https:\/\/kronisk-frisk.no\/wp-content\/uploads\/2023\/04\/DSCF2017-300x225.jpg 300w, https:\/\/kronisk-frisk.no\/wp-content\/uploads\/2023\/04\/DSCF2017-1024x768.jpg 1024w, https:\/\/kronisk-frisk.no\/wp-content\/uploads\/2023\/04\/DSCF2017-768x576.jpg 768w, https:\/\/kronisk-frisk.no\/wp-content\/uploads\/2023\/04\/DSCF2017-1536x1152.jpg 1536w, https:\/\/kronisk-frisk.no\/wp-content\/uploads\/2023\/04\/DSCF2017-2048x1536.jpg 2048w, https:\/\/kronisk-frisk.no\/wp-content\/uploads\/2023\/04\/DSCF2017-200x150.jpg 200w\" sizes=\"auto, (max-width: 2560px) 100vw, 2560px\" \/><div class=\"wp-block-cover__inner-container is-layout-flow wp-block-cover-is-layout-flow\">\n<p class=\"has-text-align-center has-large-font-size\"><\/p>\n<\/div><\/div>\n\n\n\n<h4 class=\"wp-block-heading has-text-align-center\">Behandlinger<\/h4>\n\n\n\n<p class=\"has-ast-global-color-2-color has-text-color\">Dyk ned i kraften av nevrorefleksologi med mine skreddersydde behandlinger. Fra stress til muskelsmerter, la oss sammen stimulere nervesystemet for optimal helse og finne roten til dine plager.<\/p>\n\n\n\n<p class=\"has-text-align-center has-ast-global-color-2-color has-text-color\"><a href=\"https:\/\/kronisk-frisk.no\/?page_id=51\">Les mer<\/a><\/p>\n<\/div>\n<\/div>\n\n\n\n<div style=\"height:50px\" aria-hidden=\"true\" class=\"wp-block-spacer\"><\/div>\n<\/div>\n\n\n\n<div class=\"inherit-container-width wp-block-group alignfull is-layout-constrained wp-block-group-is-layout-constrained\" style=\"padding-top:var(--wp--preset--spacing--80);padding-bottom:var(--wp--preset--spacing--80)\">\n<div class=\"wp-block-columns alignwide are-vertically-aligned-center has-border-color is-layout-flex wp-container-core-columns-is-layout-d83bf634 wp-block-columns-is-layout-flex\" style=\"border-color:#d6ede5;border-width:1px;padding-top:var(--wp--preset--spacing--80);padding-right:var(--wp--preset--spacing--80);padding-bottom:var(--wp--preset--spacing--80);padding-left:var(--wp--preset--spacing--80)\">\n<div class=\"wp-block-column is-vertically-aligned-center is-layout-flow wp-block-column-is-layout-flow\" style=\"padding-top:0;padding-right:0;padding-bottom:0;padding-left:0\">\n<div class=\"wp-block-cover\" style=\"min-height:550px;aspect-ratio:unset;\"><span aria-hidden=\"true\" class=\"wp-block-cover__background has-background-dim-0 has-background-dim\"><\/span><img loading=\"lazy\" decoding=\"async\" width=\"516\" height=\"688\" class=\"wp-block-cover__image-background wp-image-242\" alt=\"\" src=\"https:\/\/kronisk-frisk.no\/wp-content\/uploads\/2023\/06\/Skjermbilde_20230108_125002-edited.png\" data-object-fit=\"cover\" srcset=\"https:\/\/kronisk-frisk.no\/wp-content\/uploads\/2023\/06\/Skjermbilde_20230108_125002-edited.png 516w, https:\/\/kronisk-frisk.no\/wp-content\/uploads\/2023\/06\/Skjermbilde_20230108_125002-edited-225x300.png 225w, https:\/\/kronisk-frisk.no\/wp-content\/uploads\/2023\/06\/Skjermbilde_20230108_125002-edited-200x267.png 200w\" sizes=\"auto, (max-width: 516px) 100vw, 516px\" \/><div class=\"wp-block-cover__inner-container is-layout-flow wp-block-cover-is-layout-flow\">\n<p class=\"has-text-align-center has-large-font-size\"><\/p>\n<\/div><\/div>\n<\/div>\n\n\n\n<div class=\"wp-block-column is-vertically-aligned-center is-layout-flow wp-block-column-is-layout-flow\">\n<h5 class=\"wp-block-heading has-medium-font-size\" style=\"font-style:normal;font-weight:600;line-height:1.2\">Ingvild Synnes<\/h5>\n\n\n\n<h2 class=\"wp-block-heading has-ast-global-color-0-color has-text-color\" style=\"font-size:2.3em;font-style:normal;font-weight:600;line-height:1.2\">&laquo;Kan jeg g\u00e5 fra kronisk syk til frisk kan du ogs\u00e5&raquo;<\/h2>\n\n\n\n<p>I 2019 havnet jeg i en seng pga alvorlig utmattelse etter \u00e5revis med smerter og s\u00f8vnl\u00f8shet. Men i m\u00f8rket fant jeg en ukjent styrke og ved hjelp av kunnskap om helhetlig helse vendte jeg tilbake med fornyet kraft. Som tidligere pasient , Nevrorefleksolog og spesialsykepleier er kvinnehelse noe jeg brenner ekstra for. Jeg tror p\u00e5 \u00e5 gjenopprette kroppens naturlige balanse og harmoni.<\/p>\n\n\n\n<p>\u2028I en stresset tid, la meg guide deg mot et friskere, lykkeligere liv. Det er nemlig mulig!&nbsp;<\/p>\n\n\n\n<div class=\"wp-block-buttons is-layout-flex wp-block-buttons-is-layout-flex\">\n<div class=\"wp-block-button is-style-fill\"><a class=\"wp-block-button__link has-text-color has-background wp-element-button\" href=\"https:\/\/kronisk-frisk.no\/?page_id=52\" style=\"border-radius:0px;color:#2da884;background-color:#ffffff00;padding-top:15px;padding-right:0px;padding-bottom:15px;padding-left:0px\">Les Mer \u2192<\/a><\/div>\n<\/div>\n<\/div>\n<\/div>\n<\/div>\n\n\n\n\n\n<div class=\"inherit-container-width wp-block-group alignfull is-layout-constrained wp-block-group-is-layout-constrained\" style=\"margin-top:50px\">\n<div class=\"wp-block-columns is-layout-flex wp-container-core-columns-is-layout-28f84493 wp-block-columns-is-layout-flex\">\n<div class=\"wp-block-column is-layout-flow wp-block-column-is-layout-flow\">\n<div class=\"inherit-container-width wp-block-group has-background is-layout-constrained wp-container-core-group-is-layout-75a7be9c wp-block-group-is-layout-constrained\" style=\"border-radius:5px;background-color:#f4f6f9;padding-top:25px;padding-right:25px;padding-bottom:25px;padding-left:25px\">\n<figure class=\"wp-block-image aligncenter size-large is-resized wp-duotone-000000-ffffff-1\"><img decoding=\"async\" src=\"https:\/\/artoonsolutions.com\/wp-content\/themes\/artoon\/images\/lp\/footer_new\/call_icon.svg\" alt=\"\" style=\"width:50px;height:50px\"\/><\/figure>\n\n\n\n<h2 class=\"wp-block-heading has-text-align-center has-text-color\" style=\"color:#18100f;padding-top:5px;padding-bottom:0px;font-size:26px\">Telefon<\/h2>\n\n\n\n<p class=\"has-text-align-center has-text-color\" style=\"color:#666666;margin-top:5px;padding-top:0px;padding-bottom:0px;font-size:15px;line-height:1.6\">+47 92862622<\/p>\n<\/div>\n<\/div>\n\n\n\n<div class=\"wp-block-column is-layout-flow wp-block-column-is-layout-flow\">\n<div class=\"inherit-container-width wp-block-group has-background is-layout-constrained wp-container-core-group-is-layout-75a7be9c wp-block-group-is-layout-constrained\" style=\"border-radius:5px;background-color:#f4f6f9;padding-top:25px;padding-right:25px;padding-bottom:25px;padding-left:25px\">\n<figure class=\"wp-block-image aligncenter size-large is-resized wp-duotone-000000-ffffff-2\"><img decoding=\"async\" src=\"https:\/\/artoonsolutions.com\/wp-content\/themes\/artoon\/images\/lp\/footer_new\/address_icon.svg\" alt=\"\" style=\"width:50px;height:50px\"\/><\/figure>\n\n\n\n<h2 class=\"wp-block-heading has-text-align-center has-text-color\" style=\"color:#18100f;padding-top:5px;padding-bottom:0px;font-size:26px\">Adresse<\/h2>\n\n\n\n<p class=\"has-text-align-center has-ast-global-color-3-color has-text-color has-link-color wp-elements-23ec19e2ec8d935a1e0b6f46746b8c3e\" style=\"margin-top:5px;padding-top:0px;padding-bottom:0px;font-size:15px;line-height:1.6\">Horten\/Vestfold <\/p>\n<\/div>\n<\/div>\n\n\n\n<div class=\"wp-block-column is-layout-flow wp-block-column-is-layout-flow\">\n<div class=\"inherit-container-width wp-block-group has-background is-layout-constrained wp-container-core-group-is-layout-75a7be9c wp-block-group-is-layout-constrained\" style=\"border-radius:5px;background-color:#f4f6f9;padding-top:25px;padding-right:25px;padding-bottom:25px;padding-left:25px\">\n<figure class=\"wp-block-image aligncenter size-large is-resized\"><img decoding=\"async\" src=\"https:\/\/artoonsolutions.com\/wp-content\/themes\/artoon\/images\/lp\/footer_new\/email_icon.svg\" alt=\"\" style=\"width:50px;height:50px\"\/><\/figure>\n\n\n\n<h2 class=\"wp-block-heading has-text-align-center has-text-color\" style=\"color:#18100f;padding-top:5px;padding-bottom:0px;font-size:26px\">Epost<\/h2>\n\n\n\n<p class=\"has-text-align-center has-text-color has-link-color wp-elements-84b1a18a47461da01b414254bea1a153\" style=\"color:#666666;margin-top:5px;padding-top:0px;padding-bottom:0px;font-size:15px;line-height:1.6\"><a href=\"mailto:ingvildkroniskfrisk@gmail.com\" target=\"_blank\" rel=\"noreferrer noopener\">ingvildkroniskfrisk@gmail.com<\/a><\/p>\n<\/div>\n<\/div>\n<\/div>\n<\/div>\n\n\n\n<p><\/p>\n\n\n\n<p><\/p>\n\n\n\n\n","protected":false},"excerpt":{"rendered":"<p>Oppdag god helse \u2013 Sammen finner vi veien Foredrag Fra kronisk syk til kronisk frisk \u2013 la meg dele min reise. Oppdag kroppens selvhelbredende krefter gjennom mine engasjerende foredrag. Bli inspirert, f\u00f8l deg styrket, og grip rattet i ditt eget liv og styr mot en bedre helse! Ta kontakt for mer informasjon Coaching &amp; Veiledning &hellip;<\/p>\n<p class=\"read-more\"> <a class=\"\" href=\"https:\/\/kronisk-frisk.no\/\"> <span class=\"screen-reader-text\">Hjem<\/span> Les mer &raquo;<\/a><\/p>\n","protected":false},"author":1,"featured_media":0,"parent":0,"menu_order":0,"comment_status":"closed","ping_status":"closed","template":"","meta":{"site-sidebar-layout":"no-sidebar","site-content-layout":"default","ast-global-header-display":"","ast-main-header-display":"","ast-hfb-above-header-display":"","ast-hfb-below-header-display":"","ast-hfb-mobile-header-display":"","site-post-title":"disabled","ast-breadcrumbs-content":"","ast-featured-img":"","footer-sml-layout":"","theme-transparent-header-meta":"disabled","adv-header-id-meta":"","stick-header-meta":"","header-above-stick-meta":"","header-main-stick-meta":"","header-below-stick-meta":"","footnotes":""},"class_list":["post-80","page","type-page","status-publish","hentry"],"yoast_head":"<!-- This site is optimized with the Yoast SEO plugin v20.2.1 - https:\/\/yoast.com\/wordpress\/plugins\/seo\/ -->\n<title>Hjem - Kronisk Frisk<\/title>\n<meta name=\"description\" content=\"Kronisk Frisk tilbyr inspirerende foredrag og behandlinger innenfor nevrorefleksologi. V\u00e5rt m\u00e5l er \u00e5 hjelpe deg med \u00e5 ta ansvar for egen helse og velv\u00e6re. Vi tilbyr ogs\u00e5 personlig coaching og veiledning for \u00e5 hjelpe deg med \u00e5 oppn\u00e5 dine m\u00e5l og oppn\u00e5 ditt fulle potensiale. Bes\u00f8k v\u00e5r nettside for \u00e5 l\u00e6re mer og ta det f\u00f8rste skrittet mot \u00e5 bli kronisk frisk!\" \/>\n<meta name=\"robots\" content=\"index, follow, max-snippet:-1, max-image-preview:large, max-video-preview:-1\" \/>\n<link rel=\"canonical\" href=\"https:\/\/kronisk-frisk.no\/\" \/>\n<meta property=\"og:locale\" content=\"nb_NO\" \/>\n<meta property=\"og:type\" content=\"article\" \/>\n<meta property=\"og:title\" content=\"Hjem - Kronisk Frisk\" \/>\n<meta property=\"og:description\" content=\"Kronisk Frisk tilbyr inspirerende foredrag og behandlinger innenfor nevrorefleksologi. V\u00e5rt m\u00e5l er \u00e5 hjelpe deg med \u00e5 ta ansvar for egen helse og velv\u00e6re. Vi tilbyr ogs\u00e5 personlig coaching og veiledning for \u00e5 hjelpe deg med \u00e5 oppn\u00e5 dine m\u00e5l og oppn\u00e5 ditt fulle potensiale. Bes\u00f8k v\u00e5r nettside for \u00e5 l\u00e6re mer og ta det f\u00f8rste skrittet mot \u00e5 bli kronisk frisk!\" \/>\n<meta property=\"og:url\" content=\"https:\/\/kronisk-frisk.no\/\" \/>\n<meta property=\"og:site_name\" content=\"Kronisk Frisk\" \/>\n<meta property=\"article:publisher\" content=\"https:\/\/www.facebook.com\/kroniskfrisk.no\" \/>\n<meta property=\"article:modified_time\" content=\"2024-12-12T18:17:20+00:00\" \/>\n<meta property=\"og:image\" content=\"https:\/\/kronisk-frisk.no\/wp-content\/uploads\/2023\/10\/Endringsuniverset-58-Rediger-1-1024x607.jpg\" \/>\n<meta name=\"twitter:card\" content=\"summary_large_image\" \/>\n<meta name=\"twitter:label1\" content=\"Ansl. lesetid\" \/>\n\t<meta name=\"twitter:data1\" content=\"1 minutt\" \/>\n<script type=\"application\/ld+json\" class=\"yoast-schema-graph\">{\"@context\":\"https:\/\/schema.org\",\"@graph\":[{\"@type\":\"WebPage\",\"@id\":\"https:\/\/kronisk-frisk.no\/\",\"url\":\"https:\/\/kronisk-frisk.no\/\",\"name\":\"Hjem - Kronisk Frisk\",\"isPartOf\":{\"@id\":\"https:\/\/kronisk-frisk.no\/#website\"},\"datePublished\":\"2023-03-09T16:47:03+00:00\",\"dateModified\":\"2024-12-12T18:17:20+00:00\",\"description\":\"Kronisk Frisk tilbyr inspirerende foredrag og behandlinger innenfor nevrorefleksologi. V\u00e5rt m\u00e5l er \u00e5 hjelpe deg med \u00e5 ta ansvar for egen helse og velv\u00e6re. Vi tilbyr ogs\u00e5 personlig coaching og veiledning for \u00e5 hjelpe deg med \u00e5 oppn\u00e5 dine m\u00e5l og oppn\u00e5 ditt fulle potensiale. Bes\u00f8k v\u00e5r nettside for \u00e5 l\u00e6re mer og ta det f\u00f8rste skrittet mot \u00e5 bli kronisk frisk!\",\"breadcrumb\":{\"@id\":\"https:\/\/kronisk-frisk.no\/#breadcrumb\"},\"inLanguage\":\"nb-NO\",\"potentialAction\":[{\"@type\":\"ReadAction\",\"target\":[\"https:\/\/kronisk-frisk.no\/\"]}]},{\"@type\":\"BreadcrumbList\",\"@id\":\"https:\/\/kronisk-frisk.no\/#breadcrumb\",\"itemListElement\":[{\"@type\":\"ListItem\",\"position\":1,\"name\":\"Hjem\",\"item\":\"https:\/\/kronisk-frisk.no\/\"},{\"@type\":\"ListItem\",\"position\":2,\"name\":\"Hjem\"}]},{\"@type\":\"WebSite\",\"@id\":\"https:\/\/kronisk-frisk.no\/#website\",\"url\":\"https:\/\/kronisk-frisk.no\/\",\"name\":\"Kronisk Frisk\",\"description\":\"+47 92862622&lt;br&gt;&lt;a href=&quot;mailto:ingvild@kronisk-frisk.no&quot;&gt;ingvild@kronisk-frisk.no&lt;\/a&gt;&lt;br&gt;\u00c5pningstider: Tirsdager og Torsdag 08:00 - 16:00\",\"publisher\":{\"@id\":\"https:\/\/kronisk-frisk.no\/#organization\"},\"potentialAction\":[{\"@type\":\"SearchAction\",\"target\":{\"@type\":\"EntryPoint\",\"urlTemplate\":\"https:\/\/kronisk-frisk.no\/?s={search_term_string}\"},\"query-input\":\"required name=search_term_string\"}],\"inLanguage\":\"nb-NO\"},{\"@type\":\"Organization\",\"@id\":\"https:\/\/kronisk-frisk.no\/#organization\",\"name\":\"Kronisk Frisk\",\"url\":\"https:\/\/kronisk-frisk.no\/\",\"logo\":{\"@type\":\"ImageObject\",\"inLanguage\":\"nb-NO\",\"@id\":\"https:\/\/kronisk-frisk.no\/#\/schema\/logo\/image\/\",\"url\":\"https:\/\/kronisk-frisk.no\/wp-content\/uploads\/2023\/10\/cropped-Kronisk_Frisk_CircleLogo.png\",\"contentUrl\":\"https:\/\/kronisk-frisk.no\/wp-content\/uploads\/2023\/10\/cropped-Kronisk_Frisk_CircleLogo.png\",\"width\":100,\"height\":100,\"caption\":\"Kronisk Frisk\"},\"image\":{\"@id\":\"https:\/\/kronisk-frisk.no\/#\/schema\/logo\/image\/\"},\"sameAs\":[\"https:\/\/www.facebook.com\/kroniskfrisk.no\",\"https:\/\/www.instagram.com\/kronisk_frisk\/\"]}]}<\/script>\n<!-- \/ Yoast SEO plugin. -->","yoast_head_json":{"title":"Hjem - Kronisk Frisk","description":"Kronisk Frisk tilbyr inspirerende foredrag og behandlinger innenfor nevrorefleksologi. V\u00e5rt m\u00e5l er \u00e5 hjelpe deg med \u00e5 ta ansvar for egen helse og velv\u00e6re. Vi tilbyr ogs\u00e5 personlig coaching og veiledning for \u00e5 hjelpe deg med \u00e5 oppn\u00e5 dine m\u00e5l og oppn\u00e5 ditt fulle potensiale. Bes\u00f8k v\u00e5r nettside for \u00e5 l\u00e6re mer og ta det f\u00f8rste skrittet mot \u00e5 bli kronisk frisk!","robots":{"index":"index","follow":"follow","max-snippet":"max-snippet:-1","max-image-preview":"max-image-preview:large","max-video-preview":"max-video-preview:-1"},"canonical":"https:\/\/kronisk-frisk.no\/","og_locale":"nb_NO","og_type":"article","og_title":"Hjem - Kronisk Frisk","og_description":"Kronisk Frisk tilbyr inspirerende foredrag og behandlinger innenfor nevrorefleksologi. V\u00e5rt m\u00e5l er \u00e5 hjelpe deg med \u00e5 ta ansvar for egen helse og velv\u00e6re. Vi tilbyr ogs\u00e5 personlig coaching og veiledning for \u00e5 hjelpe deg med \u00e5 oppn\u00e5 dine m\u00e5l og oppn\u00e5 ditt fulle potensiale. Bes\u00f8k v\u00e5r nettside for \u00e5 l\u00e6re mer og ta det f\u00f8rste skrittet mot \u00e5 bli kronisk frisk!","og_url":"https:\/\/kronisk-frisk.no\/","og_site_name":"Kronisk Frisk","article_publisher":"https:\/\/www.facebook.com\/kroniskfrisk.no","article_modified_time":"2024-12-12T18:17:20+00:00","og_image":[{"url":"https:\/\/kronisk-frisk.no\/wp-content\/uploads\/2023\/10\/Endringsuniverset-58-Rediger-1-1024x607.jpg"}],"twitter_card":"summary_large_image","twitter_misc":{"Ansl. lesetid":"1 minutt"},"schema":{"@context":"https:\/\/schema.org","@graph":[{"@type":"WebPage","@id":"https:\/\/kronisk-frisk.no\/","url":"https:\/\/kronisk-frisk.no\/","name":"Hjem - Kronisk Frisk","isPartOf":{"@id":"https:\/\/kronisk-frisk.no\/#website"},"datePublished":"2023-03-09T16:47:03+00:00","dateModified":"2024-12-12T18:17:20+00:00","description":"Kronisk Frisk tilbyr inspirerende foredrag og behandlinger innenfor nevrorefleksologi. V\u00e5rt m\u00e5l er \u00e5 hjelpe deg med \u00e5 ta ansvar for egen helse og velv\u00e6re. Vi tilbyr ogs\u00e5 personlig coaching og veiledning for \u00e5 hjelpe deg med \u00e5 oppn\u00e5 dine m\u00e5l og oppn\u00e5 ditt fulle potensiale. Bes\u00f8k v\u00e5r nettside for \u00e5 l\u00e6re mer og ta det f\u00f8rste skrittet mot \u00e5 bli kronisk frisk!","breadcrumb":{"@id":"https:\/\/kronisk-frisk.no\/#breadcrumb"},"inLanguage":"nb-NO","potentialAction":[{"@type":"ReadAction","target":["https:\/\/kronisk-frisk.no\/"]}]},{"@type":"BreadcrumbList","@id":"https:\/\/kronisk-frisk.no\/#breadcrumb","itemListElement":[{"@type":"ListItem","position":1,"name":"Hjem","item":"https:\/\/kronisk-frisk.no\/"},{"@type":"ListItem","position":2,"name":"Hjem"}]},{"@type":"WebSite","@id":"https:\/\/kronisk-frisk.no\/#website","url":"https:\/\/kronisk-frisk.no\/","name":"Kronisk Frisk","description":"+47 92862622&lt;br&gt;&lt;a href=&quot;mailto:ingvild@kronisk-frisk.no&quot;&gt;ingvild@kronisk-frisk.no&lt;\/a&gt;&lt;br&gt;\u00c5pningstider: Tirsdager og Torsdag 08:00 - 16:00","publisher":{"@id":"https:\/\/kronisk-frisk.no\/#organization"},"potentialAction":[{"@type":"SearchAction","target":{"@type":"EntryPoint","urlTemplate":"https:\/\/kronisk-frisk.no\/?s={search_term_string}"},"query-input":"required name=search_term_string"}],"inLanguage":"nb-NO"},{"@type":"Organization","@id":"https:\/\/kronisk-frisk.no\/#organization","name":"Kronisk Frisk","url":"https:\/\/kronisk-frisk.no\/","logo":{"@type":"ImageObject","inLanguage":"nb-NO","@id":"https:\/\/kronisk-frisk.no\/#\/schema\/logo\/image\/","url":"https:\/\/kronisk-frisk.no\/wp-content\/uploads\/2023\/10\/cropped-Kronisk_Frisk_CircleLogo.png","contentUrl":"https:\/\/kronisk-frisk.no\/wp-content\/uploads\/2023\/10\/cropped-Kronisk_Frisk_CircleLogo.png","width":100,"height":100,"caption":"Kronisk Frisk"},"image":{"@id":"https:\/\/kronisk-frisk.no\/#\/schema\/logo\/image\/"},"sameAs":["https:\/\/www.facebook.com\/kroniskfrisk.no","https:\/\/www.instagram.com\/kronisk_frisk\/"]}]}},"_links":{"self":[{"href":"https:\/\/kronisk-frisk.no\/index.php?rest_route=\/wp\/v2\/pages\/80","targetHints":{"allow":["GET"]}}],"collection":[{"href":"https:\/\/kronisk-frisk.no\/index.php?rest_route=\/wp\/v2\/pages"}],"about":[{"href":"https:\/\/kronisk-frisk.no\/index.php?rest_route=\/wp\/v2\/types\/page"}],"author":[{"embeddable":true,"href":"https:\/\/kronisk-frisk.no\/index.php?rest_route=\/wp\/v2\/users\/1"}],"replies":[{"embeddable":true,"href":"https:\/\/kronisk-frisk.no\/index.php?rest_route=%2Fwp%2Fv2%2Fcomments&post=80"}],"version-history":[{"count":33,"href":"https:\/\/kronisk-frisk.no\/index.php?rest_route=\/wp\/v2\/pages\/80\/revisions"}],"predecessor-version":[{"id":368,"href":"https:\/\/kronisk-frisk.no\/index.php?rest_route=\/wp\/v2\/pages\/80\/revisions\/368"}],"wp:attachment":[{"href":"https:\/\/kronisk-frisk.no\/index.php?rest_route=%2Fwp%2Fv2%2Fmedia&parent=80"}],"curies":[{"name":"wp","href":"https:\/\/api.w.org\/{rel}","templated":true}]}}