{"id":52,"date":"2023-03-09T15:32:31","date_gmt":"2023-03-09T15:32:31","guid":{"rendered":"https:\/\/kronisk-frisk.no\/?page_id=52"},"modified":"2023-11-28T20:21:00","modified_gmt":"2023-11-28T20:21:00","slug":"om-meg","status":"publish","type":"page","link":"https:\/\/kronisk-frisk.no\/?page_id=52","title":{"rendered":"Om meg"},"content":{"rendered":"\n<div class=\"wp-block-media-text is-stacked-on-mobile\" style=\"grid-template-columns:35% auto\"><figure class=\"wp-block-media-text__media\"><img loading=\"lazy\" decoding=\"async\" width=\"555\" height=\"688\" src=\"https:\/\/kronisk-frisk.no\/wp-content\/uploads\/2023\/03\/Skjermbilde_20230108_125002.png\" alt=\"\" class=\"wp-image-24 size-full\" srcset=\"https:\/\/kronisk-frisk.no\/wp-content\/uploads\/2023\/03\/Skjermbilde_20230108_125002.png 555w, https:\/\/kronisk-frisk.no\/wp-content\/uploads\/2023\/03\/Skjermbilde_20230108_125002-242x300.png 242w, https:\/\/kronisk-frisk.no\/wp-content\/uploads\/2023\/03\/Skjermbilde_20230108_125002-200x248.png 200w\" sizes=\"auto, (max-width: 555px) 100vw, 555px\" \/><\/figure><div class=\"wp-block-media-text__content\">\n<h2 class=\"wp-block-heading has-text-align-center has-large-font-size\" style=\"text-transform:uppercase\">Ingvild Synnes<\/h2>\n\n\n\n<div style=\"height:20px\" aria-hidden=\"true\" class=\"wp-block-spacer\"><\/div>\n\n\n\n<p class=\"has-medium-font-size\" style=\"margin-right:0;margin-left:0\">\u00c5 bidra til bedre livskvalitet for andre og veilede\/inspirere dem mot en sunnere, mer balansert kropp gir meg en dyp f\u00f8lelse av mening. Min egen personlige kamp har v\u00e6rt min inspirasjon.<\/p>\n\n\n\n<hr class=\"wp-block-separator has-alpha-channel-opacity\"\/>\n\n\n\n<div style=\"height:29px\" aria-hidden=\"true\" class=\"wp-block-spacer\"><\/div>\n\n\n\n<ul class=\"wp-block-social-links has-normal-icon-size has-icon-color has-icon-background-color is-style-default is-horizontal is-content-justification-center is-layout-flex wp-container-core-social-links-is-layout-03627597 wp-block-social-links-is-layout-flex\"><li style=\"color:#ffffff;background-color:var(--ast-global-color-0);\" class=\"wp-social-link wp-social-link-instagram has-white-color wp-block-social-link\"><a rel=\"noopener nofollow\" target=\"_blank\" href=\"https:\/\/www.instagram.com\/kronisk_frisk\/\" class=\"wp-block-social-link-anchor\"><svg width=\"24\" height=\"24\" viewBox=\"0 0 24 24\" version=\"1.1\" xmlns=\"http:\/\/www.w3.org\/2000\/svg\" aria-hidden=\"true\" focusable=\"false\"><path d=\"M12,4.622c2.403,0,2.688,0.009,3.637,0.052c0.877,0.04,1.354,0.187,1.671,0.31c0.42,0.163,0.72,0.358,1.035,0.673 c0.315,0.315,0.51,0.615,0.673,1.035c0.123,0.317,0.27,0.794,0.31,1.671c0.043,0.949,0.052,1.234,0.052,3.637 s-0.009,2.688-0.052,3.637c-0.04,0.877-0.187,1.354-0.31,1.671c-0.163,0.42-0.358,0.72-0.673,1.035 c-0.315,0.315-0.615,0.51-1.035,0.673c-0.317,0.123-0.794,0.27-1.671,0.31c-0.949,0.043-1.233,0.052-3.637,0.052 s-2.688-0.009-3.637-0.052c-0.877-0.04-1.354-0.187-1.671-0.31c-0.42-0.163-0.72-0.358-1.035-0.673 c-0.315-0.315-0.51-0.615-0.673-1.035c-0.123-0.317-0.27-0.794-0.31-1.671C4.631,14.688,4.622,14.403,4.622,12 s0.009-2.688,0.052-3.637c0.04-0.877,0.187-1.354,0.31-1.671c0.163-0.42,0.358-0.72,0.673-1.035 c0.315-0.315,0.615-0.51,1.035-0.673c0.317-0.123,0.794-0.27,1.671-0.31C9.312,4.631,9.597,4.622,12,4.622 M12,3 C9.556,3,9.249,3.01,8.289,3.054C7.331,3.098,6.677,3.25,6.105,3.472C5.513,3.702,5.011,4.01,4.511,4.511 c-0.5,0.5-0.808,1.002-1.038,1.594C3.25,6.677,3.098,7.331,3.054,8.289C3.01,9.249,3,9.556,3,12c0,2.444,0.01,2.751,0.054,3.711 c0.044,0.958,0.196,1.612,0.418,2.185c0.23,0.592,0.538,1.094,1.038,1.594c0.5,0.5,1.002,0.808,1.594,1.038 c0.572,0.222,1.227,0.375,2.185,0.418C9.249,20.99,9.556,21,12,21s2.751-0.01,3.711-0.054c0.958-0.044,1.612-0.196,2.185-0.418 c0.592-0.23,1.094-0.538,1.594-1.038c0.5-0.5,0.808-1.002,1.038-1.594c0.222-0.572,0.375-1.227,0.418-2.185 C20.99,14.751,21,14.444,21,12s-0.01-2.751-0.054-3.711c-0.044-0.958-0.196-1.612-0.418-2.185c-0.23-0.592-0.538-1.094-1.038-1.594 c-0.5-0.5-1.002-0.808-1.594-1.038c-0.572-0.222-1.227-0.375-2.185-0.418C14.751,3.01,14.444,3,12,3L12,3z M12,7.378 c-2.552,0-4.622,2.069-4.622,4.622S9.448,16.622,12,16.622s4.622-2.069,4.622-4.622S14.552,7.378,12,7.378z M12,15 c-1.657,0-3-1.343-3-3s1.343-3,3-3s3,1.343,3,3S13.657,15,12,15z M16.804,6.116c-0.596,0-1.08,0.484-1.08,1.08 s0.484,1.08,1.08,1.08c0.596,0,1.08-0.484,1.08-1.08S17.401,6.116,16.804,6.116z\"><\/path><\/svg><span class=\"wp-block-social-link-label screen-reader-text\">Instagram<\/span><\/a><\/li>\n\n<li style=\"color:#ffffff;background-color:var(--ast-global-color-0);\" class=\"wp-social-link wp-social-link-facebook has-white-color wp-block-social-link\"><a rel=\"noopener nofollow\" target=\"_blank\" href=\"https:\/\/www.facebook.com\/kroniskfrisk.no\" class=\"wp-block-social-link-anchor\"><svg width=\"24\" height=\"24\" viewBox=\"0 0 24 24\" version=\"1.1\" xmlns=\"http:\/\/www.w3.org\/2000\/svg\" aria-hidden=\"true\" focusable=\"false\"><path d=\"M12 2C6.5 2 2 6.5 2 12c0 5 3.7 9.1 8.4 9.9v-7H7.9V12h2.5V9.8c0-2.5 1.5-3.9 3.8-3.9 1.1 0 2.2.2 2.2.2v2.5h-1.3c-1.2 0-1.6.8-1.6 1.6V12h2.8l-.4 2.9h-2.3v7C18.3 21.1 22 17 22 12c0-5.5-4.5-10-10-10z\"><\/path><\/svg><span class=\"wp-block-social-link-label screen-reader-text\">Facebook<\/span><\/a><\/li><\/ul>\n<\/div><\/div>\n\n\n\n<div style=\"height:47px\" aria-hidden=\"true\" class=\"wp-block-spacer\"><\/div>\n\n\n\n<p style=\"padding-top:0;padding-right:0;padding-bottom:0;padding-left:0\">I over 17 \u00e5r slet jeg med ulike plager og i 2019 sa kroppen stopp. Jeg havnet i en tilstand hvor kroppen kun klarte \u00e5 eksistere, kroppen var tung som bly. Min kj\u00e6re hjelper fra hjemmesykepleien sa til meg &laquo;Du skal ut og opp p\u00e5 sykkelen din igjen, Ingvild.&raquo; Jeg h\u00f8rte henne, men jeg kunne ikke forst\u00e5 hvordan det skulle v\u00e6re mulig i den tilstanden jeg var i. Det var et vendepunkt i livet mitt, men jeg hadde ingen anelse om det da.<\/p>\n\n\n\n<blockquote class=\"wp-block-quote has-medium-font-size is-layout-flow wp-block-quote-is-layout-flow\">\n<p><\/p>\n<cite>&laquo;Du skal ut og opp p\u00e5 sykkelen din igjen, Ingvild.&raquo;<\/cite><\/blockquote>\n\n\n\n<p>Jeg er utdannet nevrorefleksolog og spesialsykepleier til barn, og jeg er lidenskapelig opptatt av helhetlig helse. Min drivkraft er \u00e5 finne rot\u00e5rsakene til helseproblemer og gjenopprette balansen i kroppen. Min spesielle interesse er kvinnehelse, og jeg \u00f8nsker \u00e5 v\u00e6re en talsperson for kvinner som f\u00f8ler seg oversett og neglisjert n\u00e5r det gjelder deres helseutfordringer.<\/p>\n\n\n\n<p>Selv har jeg st\u00e5tt overfor en lang og utfordrende helsereise. Jeg ble diagnostisert med endometriose i en tidlig alder og led av kroniske smerter. \u00c5revis med medisiner gjorde meg bare sykere, og jeg slet ogs\u00e5 med alvorlige s\u00f8vnproblemer. Det var \u00f8yeblikk hvor h\u00e5pet om et bedre liv ble stadig mindre. Men til slutt ble m\u00f8rket til lys.<\/p>\n\n\n\n<p>I 2019 ble jeg liggende og diagnostisert med alvorlig ME (kronisk utmattelsessyndrom), og det ble et vendepunkt p\u00e5 min reise. Jeg oppdaget hvordan komplement\u00e6r behandling, livsstil som medisin og en helhetlig tiln\u00e6rming kunne gjenopprette min helse. Jeg er n\u00e5 frisk fra ME, endometriosesmerter, IBS-symptomer, stoffskifteproblemer, allergier, og s\u00f8vnproblemer.<\/p>\n\n\n\n<p>Det \u00e5 kunne hjelpe andre p\u00e5 veien til bedre livskvalitet og en sunnere, mer balansert kropp gir en dyp mening for meg. Jeg tror at stress er en av hoveddiagnosene i verden, og livsstilsvalgene vi tar hver dag, spiller en avgj\u00f8rende rolle for v\u00e5r helse.<\/p>\n\n\n\n<blockquote class=\"wp-block-quote has-medium-font-size is-layout-flow wp-block-quote-is-layout-flow\">\n<p><\/p>\n<cite>&laquo;Det \u00e5 kunne hjelpe andre p\u00e5 veien til bedre livskvalitet og en sunnere, mer balansert kropp gir en dyp mening for meg.&raquo;<\/cite><\/blockquote>\n\n\n\n<p>Hvis du er klar til \u00e5 ta kontroll over din helse og \u00f8nsker veiledning, behandlinger eller inspirerende foredrag, er jeg her for \u00e5 hjelpe deg. Ta gjerne kontakt med meg for \u00e5 booke en behandling eller en samtale. Sammen kan vi skape en vei mot bedre helse og et mer balansert liv.<\/p>\n\n\n\n<div class=\"wp-block-media-text has-media-on-the-right is-stacked-on-mobile\" style=\"grid-template-columns:auto 38%\"><div class=\"wp-block-media-text__content\">\n<p class=\"has-large-font-size\" style=\"line-height:1.7\">Hvis du er klar til \u00e5 ta kontroll over din egen helse og \u00f8nsker veiledning, behandlinger eller inspirerende foredrag, er jeg her for \u00e5 hjelpe deg.<\/p>\n\n\n\n<p>Ta gjerne kontakt med meg for \u00e5 booke en behandling eller en samtale. Sammen kan vi skape en vei mot bedre helse og et mer balansert liv.<\/p>\n\n\n\n<div class=\"wp-block-buttons is-content-justification-center is-layout-flex wp-container-core-buttons-is-layout-a89b3969 wp-block-buttons-is-layout-flex\">\n<div class=\"wp-block-button\"><a class=\"wp-block-button__link has-ast-global-color-5-color has-text-color has-link-color has-text-align-center wp-element-button\" href=\"https:\/\/kronisk-frisk.no\/?page_id=53\">Kontakt meg<\/a><\/div>\n<\/div>\n<\/div><figure class=\"wp-block-media-text__media\"><img loading=\"lazy\" decoding=\"async\" width=\"683\" height=\"1024\" src=\"https:\/\/kronisk-frisk.no\/wp-content\/uploads\/2023\/10\/Endringsuniverset-76-2-683x1024.jpg\" alt=\"\" class=\"wp-image-315 size-full\" srcset=\"https:\/\/kronisk-frisk.no\/wp-content\/uploads\/2023\/10\/Endringsuniverset-76-2-683x1024.jpg 683w, https:\/\/kronisk-frisk.no\/wp-content\/uploads\/2023\/10\/Endringsuniverset-76-2-200x300.jpg 200w, https:\/\/kronisk-frisk.no\/wp-content\/uploads\/2023\/10\/Endringsuniverset-76-2-768x1152.jpg 768w, https:\/\/kronisk-frisk.no\/wp-content\/uploads\/2023\/10\/Endringsuniverset-76-2-1024x1536.jpg 1024w, https:\/\/kronisk-frisk.no\/wp-content\/uploads\/2023\/10\/Endringsuniverset-76-2-1365x2048.jpg 1365w, https:\/\/kronisk-frisk.no\/wp-content\/uploads\/2023\/10\/Endringsuniverset-76-2-scaled.jpg 1707w\" sizes=\"auto, (max-width: 683px) 100vw, 683px\" \/><\/figure><\/div>\n","protected":false},"excerpt":{"rendered":"<p>I over 17 \u00e5r slet jeg med ulike plager og i 2019 sa kroppen stopp. Jeg havnet i en tilstand hvor kroppen kun klarte \u00e5 eksistere, kroppen var tung som bly. Min kj\u00e6re hjelper fra hjemmesykepleien sa til meg &laquo;Du skal ut og opp p\u00e5 sykkelen din igjen, Ingvild.&raquo; Jeg h\u00f8rte henne, men jeg kunne &hellip;<\/p>\n<p class=\"read-more\"> <a class=\"\" href=\"https:\/\/kronisk-frisk.no\/?page_id=52\"> <span class=\"screen-reader-text\">Om meg<\/span> Les mer &raquo;<\/a><\/p>\n","protected":false},"author":1,"featured_media":0,"parent":0,"menu_order":0,"comment_status":"closed","ping_status":"closed","template":"","meta":{"site-sidebar-layout":"default","site-content-layout":"default","ast-global-header-display":"","ast-main-header-display":"","ast-hfb-above-header-display":"","ast-hfb-below-header-display":"","ast-hfb-mobile-header-display":"","site-post-title":"disabled","ast-breadcrumbs-content":"","ast-featured-img":"","footer-sml-layout":"","theme-transparent-header-meta":"","adv-header-id-meta":"","stick-header-meta":"","header-above-stick-meta":"","header-main-stick-meta":"","header-below-stick-meta":"","footnotes":""},"class_list":["post-52","page","type-page","status-publish","hentry"],"yoast_head":"<!-- This site is optimized with the Yoast SEO plugin v20.2.1 - https:\/\/yoast.com\/wordpress\/plugins\/seo\/ -->\n<title>Om meg - Kronisk Frisk<\/title>\n<meta name=\"robots\" content=\"index, follow, max-snippet:-1, max-image-preview:large, max-video-preview:-1\" \/>\n<link rel=\"canonical\" href=\"https:\/\/kronisk-frisk.no\/?page_id=52\" \/>\n<meta property=\"og:locale\" content=\"nb_NO\" \/>\n<meta property=\"og:type\" content=\"article\" \/>\n<meta property=\"og:title\" content=\"Om meg - Kronisk Frisk\" \/>\n<meta property=\"og:description\" content=\"I over 17 \u00e5r slet jeg med ulike plager og i 2019 sa kroppen stopp. Jeg havnet i en tilstand hvor kroppen kun klarte \u00e5 eksistere, kroppen var tung som bly. Min kj\u00e6re hjelper fra hjemmesykepleien sa til meg &laquo;Du skal ut og opp p\u00e5 sykkelen din igjen, Ingvild.&raquo; Jeg h\u00f8rte henne, men jeg kunne &hellip; Om meg Les mer &raquo;\" \/>\n<meta property=\"og:url\" content=\"https:\/\/kronisk-frisk.no\/?page_id=52\" \/>\n<meta property=\"og:site_name\" content=\"Kronisk Frisk\" \/>\n<meta property=\"article:publisher\" content=\"https:\/\/www.facebook.com\/kroniskfrisk.no\" \/>\n<meta property=\"article:modified_time\" content=\"2023-11-28T20:21:00+00:00\" \/>\n<meta property=\"og:image\" content=\"https:\/\/kronisk-frisk.no\/wp-content\/uploads\/2023\/03\/Skjermbilde_20230108_125002.png\" \/>\n<meta name=\"twitter:card\" content=\"summary_large_image\" \/>\n<meta name=\"twitter:label1\" content=\"Ansl. lesetid\" \/>\n\t<meta name=\"twitter:data1\" content=\"3 minutter\" \/>\n<script type=\"application\/ld+json\" class=\"yoast-schema-graph\">{\"@context\":\"https:\/\/schema.org\",\"@graph\":[{\"@type\":\"WebPage\",\"@id\":\"https:\/\/kronisk-frisk.no\/?page_id=52\",\"url\":\"https:\/\/kronisk-frisk.no\/?page_id=52\",\"name\":\"Om meg - Kronisk Frisk\",\"isPartOf\":{\"@id\":\"https:\/\/kronisk-frisk.no\/#website\"},\"datePublished\":\"2023-03-09T15:32:31+00:00\",\"dateModified\":\"2023-11-28T20:21:00+00:00\",\"breadcrumb\":{\"@id\":\"https:\/\/kronisk-frisk.no\/?page_id=52#breadcrumb\"},\"inLanguage\":\"nb-NO\",\"potentialAction\":[{\"@type\":\"ReadAction\",\"target\":[\"https:\/\/kronisk-frisk.no\/?page_id=52\"]}]},{\"@type\":\"BreadcrumbList\",\"@id\":\"https:\/\/kronisk-frisk.no\/?page_id=52#breadcrumb\",\"itemListElement\":[{\"@type\":\"ListItem\",\"position\":1,\"name\":\"Hjem\",\"item\":\"https:\/\/kronisk-frisk.no\/\"},{\"@type\":\"ListItem\",\"position\":2,\"name\":\"Om meg\"}]},{\"@type\":\"WebSite\",\"@id\":\"https:\/\/kronisk-frisk.no\/#website\",\"url\":\"https:\/\/kronisk-frisk.no\/\",\"name\":\"Kronisk Frisk\",\"description\":\"+47 92862622&lt;br&gt;&lt;a href=&quot;mailto:ingvild@kronisk-frisk.no&quot;&gt;ingvild@kronisk-frisk.no&lt;\/a&gt;&lt;br&gt;\u00c5pningstider: Tirsdager og Torsdag 08:00 - 16:00\",\"publisher\":{\"@id\":\"https:\/\/kronisk-frisk.no\/#organization\"},\"potentialAction\":[{\"@type\":\"SearchAction\",\"target\":{\"@type\":\"EntryPoint\",\"urlTemplate\":\"https:\/\/kronisk-frisk.no\/?s={search_term_string}\"},\"query-input\":\"required name=search_term_string\"}],\"inLanguage\":\"nb-NO\"},{\"@type\":\"Organization\",\"@id\":\"https:\/\/kronisk-frisk.no\/#organization\",\"name\":\"Kronisk Frisk\",\"url\":\"https:\/\/kronisk-frisk.no\/\",\"logo\":{\"@type\":\"ImageObject\",\"inLanguage\":\"nb-NO\",\"@id\":\"https:\/\/kronisk-frisk.no\/#\/schema\/logo\/image\/\",\"url\":\"https:\/\/kronisk-frisk.no\/wp-content\/uploads\/2023\/10\/cropped-Kronisk_Frisk_CircleLogo.png\",\"contentUrl\":\"https:\/\/kronisk-frisk.no\/wp-content\/uploads\/2023\/10\/cropped-Kronisk_Frisk_CircleLogo.png\",\"width\":100,\"height\":100,\"caption\":\"Kronisk Frisk\"},\"image\":{\"@id\":\"https:\/\/kronisk-frisk.no\/#\/schema\/logo\/image\/\"},\"sameAs\":[\"https:\/\/www.facebook.com\/kroniskfrisk.no\",\"https:\/\/www.instagram.com\/kronisk_frisk\/\"]}]}<\/script>\n<!-- \/ Yoast SEO plugin. -->","yoast_head_json":{"title":"Om meg - Kronisk Frisk","robots":{"index":"index","follow":"follow","max-snippet":"max-snippet:-1","max-image-preview":"max-image-preview:large","max-video-preview":"max-video-preview:-1"},"canonical":"https:\/\/kronisk-frisk.no\/?page_id=52","og_locale":"nb_NO","og_type":"article","og_title":"Om meg - Kronisk Frisk","og_description":"I over 17 \u00e5r slet jeg med ulike plager og i 2019 sa kroppen stopp. Jeg havnet i en tilstand hvor kroppen kun klarte \u00e5 eksistere, kroppen var tung som bly. Min kj\u00e6re hjelper fra hjemmesykepleien sa til meg &laquo;Du skal ut og opp p\u00e5 sykkelen din igjen, Ingvild.&raquo; Jeg h\u00f8rte henne, men jeg kunne &hellip; Om meg Les mer &raquo;","og_url":"https:\/\/kronisk-frisk.no\/?page_id=52","og_site_name":"Kronisk Frisk","article_publisher":"https:\/\/www.facebook.com\/kroniskfrisk.no","article_modified_time":"2023-11-28T20:21:00+00:00","og_image":[{"url":"https:\/\/kronisk-frisk.no\/wp-content\/uploads\/2023\/03\/Skjermbilde_20230108_125002.png"}],"twitter_card":"summary_large_image","twitter_misc":{"Ansl. lesetid":"3 minutter"},"schema":{"@context":"https:\/\/schema.org","@graph":[{"@type":"WebPage","@id":"https:\/\/kronisk-frisk.no\/?page_id=52","url":"https:\/\/kronisk-frisk.no\/?page_id=52","name":"Om meg - Kronisk Frisk","isPartOf":{"@id":"https:\/\/kronisk-frisk.no\/#website"},"datePublished":"2023-03-09T15:32:31+00:00","dateModified":"2023-11-28T20:21:00+00:00","breadcrumb":{"@id":"https:\/\/kronisk-frisk.no\/?page_id=52#breadcrumb"},"inLanguage":"nb-NO","potentialAction":[{"@type":"ReadAction","target":["https:\/\/kronisk-frisk.no\/?page_id=52"]}]},{"@type":"BreadcrumbList","@id":"https:\/\/kronisk-frisk.no\/?page_id=52#breadcrumb","itemListElement":[{"@type":"ListItem","position":1,"name":"Hjem","item":"https:\/\/kronisk-frisk.no\/"},{"@type":"ListItem","position":2,"name":"Om meg"}]},{"@type":"WebSite","@id":"https:\/\/kronisk-frisk.no\/#website","url":"https:\/\/kronisk-frisk.no\/","name":"Kronisk Frisk","description":"+47 92862622&lt;br&gt;&lt;a href=&quot;mailto:ingvild@kronisk-frisk.no&quot;&gt;ingvild@kronisk-frisk.no&lt;\/a&gt;&lt;br&gt;\u00c5pningstider: Tirsdager og Torsdag 08:00 - 16:00","publisher":{"@id":"https:\/\/kronisk-frisk.no\/#organization"},"potentialAction":[{"@type":"SearchAction","target":{"@type":"EntryPoint","urlTemplate":"https:\/\/kronisk-frisk.no\/?s={search_term_string}"},"query-input":"required name=search_term_string"}],"inLanguage":"nb-NO"},{"@type":"Organization","@id":"https:\/\/kronisk-frisk.no\/#organization","name":"Kronisk Frisk","url":"https:\/\/kronisk-frisk.no\/","logo":{"@type":"ImageObject","inLanguage":"nb-NO","@id":"https:\/\/kronisk-frisk.no\/#\/schema\/logo\/image\/","url":"https:\/\/kronisk-frisk.no\/wp-content\/uploads\/2023\/10\/cropped-Kronisk_Frisk_CircleLogo.png","contentUrl":"https:\/\/kronisk-frisk.no\/wp-content\/uploads\/2023\/10\/cropped-Kronisk_Frisk_CircleLogo.png","width":100,"height":100,"caption":"Kronisk Frisk"},"image":{"@id":"https:\/\/kronisk-frisk.no\/#\/schema\/logo\/image\/"},"sameAs":["https:\/\/www.facebook.com\/kroniskfrisk.no","https:\/\/www.instagram.com\/kronisk_frisk\/"]}]}},"_links":{"self":[{"href":"https:\/\/kronisk-frisk.no\/index.php?rest_route=\/wp\/v2\/pages\/52","targetHints":{"allow":["GET"]}}],"collection":[{"href":"https:\/\/kronisk-frisk.no\/index.php?rest_route=\/wp\/v2\/pages"}],"about":[{"href":"https:\/\/kronisk-frisk.no\/index.php?rest_route=\/wp\/v2\/types\/page"}],"author":[{"embeddable":true,"href":"https:\/\/kronisk-frisk.no\/index.php?rest_route=\/wp\/v2\/users\/1"}],"replies":[{"embeddable":true,"href":"https:\/\/kronisk-frisk.no\/index.php?rest_route=%2Fwp%2Fv2%2Fcomments&post=52"}],"version-history":[{"count":22,"href":"https:\/\/kronisk-frisk.no\/index.php?rest_route=\/wp\/v2\/pages\/52\/revisions"}],"predecessor-version":[{"id":357,"href":"https:\/\/kronisk-frisk.no\/index.php?rest_route=\/wp\/v2\/pages\/52\/revisions\/357"}],"wp:attachment":[{"href":"https:\/\/kronisk-frisk.no\/index.php?rest_route=%2Fwp%2Fv2%2Fmedia&parent=52"}],"curies":[{"name":"wp","href":"https:\/\/api.w.org\/{rel}","templated":true}]}}